{"id":447,"date":"2024-10-03T14:01:20","date_gmt":"2024-10-03T14:01:20","guid":{"rendered":"https:\/\/spa.creawebproduction.com\/?page_id=447"},"modified":"2024-10-13T03:21:38","modified_gmt":"2024-10-13T03:21:38","slug":"designer-du-regard","status":"publish","type":"page","link":"https:\/\/apropeauspa.com\/fr\/designer-du-regard\/","title":{"rendered":"Designer du Regard"},"content":{"rendered":"<div data-elementor-type=\"wp-page\" data-elementor-id=\"447\" class=\"elementor elementor-447\" data-elementor-post-type=\"page\">\n\t\t\t\t<div class=\"elementor-element elementor-element-506bf957 e-flex e-con-boxed e-con e-parent\" data-id=\"506bf957\" data-element_type=\"container\">\n\t\t\t\t\t<div class=\"e-con-inner\">\n\t\t\t\t<div class=\"elementor-element elementor-element-24dec1a elementor-widget elementor-widget-heading\" data-id=\"24dec1a\" data-element_type=\"widget\" data-widget_type=\"heading.default\">\n\t\t\t\t<div class=\"elementor-widget-container\">\n\t\t\t<h1 class=\"elementor-heading-title elementor-size-default\">Designer du Regard\n<\/h1>\t\t<\/div>\n\t\t\t\t<\/div>\n\t\t\t\t<div class=\"elementor-element elementor-element-4cd61338 elementor-widget elementor-widget-image\" data-id=\"4cd61338\" data-element_type=\"widget\" data-widget_type=\"image.default\">\n\t\t\t\t<div class=\"elementor-widget-container\">\n\t\t\t\t\t\t\t\t\t\t\t\t\t<img fetchpriority=\"high\" decoding=\"async\" width=\"800\" height=\"533\" src=\"https:\/\/apropeauspa.com\/wp-content\/uploads\/2024\/09\/application-of-false-eyelashes-with-tweezers-1024x682.jpg\" class=\"attachment-large size-large wp-image-175\" alt=\"application of false eyelashes with tweezers\" srcset=\"https:\/\/apropeauspa.com\/wp-content\/uploads\/2024\/09\/application-of-false-eyelashes-with-tweezers-1024x682.jpg 1024w, https:\/\/apropeauspa.com\/wp-content\/uploads\/2024\/09\/application-of-false-eyelashes-with-tweezers-300x200.jpg 300w, https:\/\/apropeauspa.com\/wp-content\/uploads\/2024\/09\/application-of-false-eyelashes-with-tweezers-768x512.jpg 768w, https:\/\/apropeauspa.com\/wp-content\/uploads\/2024\/09\/application-of-false-eyelashes-with-tweezers-1536x1024.jpg 1536w, https:\/\/apropeauspa.com\/wp-content\/uploads\/2024\/09\/application-of-false-eyelashes-with-tweezers.jpg 2000w\" sizes=\"(max-width: 800px) 100vw, 800px\" \/>\t\t\t\t\t\t\t\t\t\t\t\t\t<\/div>\n\t\t\t\t<\/div>\n\t\t\t\t<div class=\"elementor-element elementor-element-3c5bf6e9 elementor-widget__width-initial elementor-widget-mobile__width-inherit elementor-widget elementor-widget-text-editor\" data-id=\"3c5bf6e9\" data-element_type=\"widget\" data-widget_type=\"text-editor.default\">\n\t\t\t\t<div class=\"elementor-widget-container\">\n\t\t\t\t\t\t\t<p>Les cils volumineux offrent une apparence plus compl\u00e8te et plus dramatique, cr\u00e9ant ainsi un regard plus dense et plus volumineux. Les cils hybrides offrent un effet textur\u00e9 et multidimensionnel gr\u00e2ce \u00e0 un \u00e9quilibre entre les cils simples et les cils en \u00e9ventail. Les cils classiques offrent un r\u00e9sultat plus subtil et plus l\u00e9ger.<\/p>\t\t\t\t\t\t<\/div>\n\t\t\t\t<\/div>\n\t\t<div class=\"elementor-element elementor-element-42c1dc46 e-con-full e-flex e-con e-child\" data-id=\"42c1dc46\" data-element_type=\"container\">\n\t\t<div class=\"elementor-element elementor-element-78650677 e-con-full e-flex e-con e-child\" data-id=\"78650677\" data-element_type=\"container\">\n\t\t\t\t<div class=\"elementor-element elementor-element-5aef1954 elementor-widget__width-initial elementor-widget-mobile__width-inherit elementor-widget elementor-widget-price-list\" data-id=\"5aef1954\" data-element_type=\"widget\" data-widget_type=\"price-list.default\">\n\t\t\t\t<div class=\"elementor-widget-container\">\n\t\t\t\n\t\t<ul class=\"elementor-price-list\">\n\n\t\t\t\t\t\t\t\t\t<li><a class=\"elementor-price-list-item\" href=\"#\">\t\t\t\t\n\t\t\t\t<div class=\"elementor-price-list-text\">\n\t\t\t\t\t\t\t\t\t<div class=\"elementor-price-list-header\">\n\t\t\t\t\t\t\t\t\t\t\t<p class=\"elementor-price-list-title\">\n\t\t\t\t\t\t\tLe BOMBSHELL\t\t\t\t\t\t<\/p>\n\t\t\t\t\t\t\t\t\t\t\t\t\t\t\t\t\t\t<span class=\"elementor-price-list-separator\"><\/span>\n\t\t\t\t\t\t\t\t\t\t\t\t\t\t\t\t\t\t\t<span class=\"elementor-price-list-price\">195$<\/span>\n\t\t\t\t\t\t\t\t\t\t<\/div>\n\t\t\t\t\t\t\t\t\t\t\t\t\t\t\t<p class=\"elementor-price-list-description\">\n\t\t\t\t\t\t\tEn r\u00e8gle g\u00e9n\u00e9rale, pour obtenir des cils plus fournis, il est pr\u00e9f\u00e9rable de choisir un kit de volume avec un grand nombre d'extensions dans l'\u00e9ventail.  Le kit le plus volumineux que nous proposons actuellement est notre kit de volume 6D, qui vous donnera des cils \u00e9pais, noirs et luxuriants, parfaits pour flotter lors d'un \u00e9v\u00e9nement sp\u00e9cial.\t\t\t\t\t\t<\/p>\n\t\t\t\t\t\t\t\t<\/div>\n\t\t\t\t<\/a><\/li>\t\t\t\t\t\t\t\t\t\t\t\t<li><a class=\"elementor-price-list-item\" href=\"#\">\t\t\t\t\n\t\t\t\t<div class=\"elementor-price-list-text\">\n\t\t\t\t\t\t\t\t\t<div class=\"elementor-price-list-header\">\n\t\t\t\t\t\t\t\t\t\t\t<p class=\"elementor-price-list-title\">\n\t\t\t\t\t\t\tLes GLAMOURS\t\t\t\t\t\t<\/p>\n\t\t\t\t\t\t\t\t\t\t\t\t\t\t\t\t\t\t<span class=\"elementor-price-list-separator\"><\/span>\n\t\t\t\t\t\t\t\t\t\t\t\t\t\t\t\t\t\t\t<span class=\"elementor-price-list-price\">175$<\/span>\n\t\t\t\t\t\t\t\t\t\t<\/div>\n\t\t\t\t\t\t\t\t\t\t\t\t\t\t\t<p class=\"elementor-price-list-description\">\n\t\t\t\t\t\t\tComme nous l'avons mentionn\u00e9, les cils hybrides sont un m\u00e9lange 70:30 de cils volumineux et de cils classiques. En choisissant les extensions hybrides, vous b\u00e9n\u00e9ficiez du meilleur des deux mondes. Les extensions hybrides offrent une vari\u00e9t\u00e9 de textures et plus de volume, mais sans l'aspect parfois peu naturel des cils volumineux.\t\t\t\t\t\t<\/p>\n\t\t\t\t\t\t\t\t<\/div>\n\t\t\t\t<\/a><\/li>\t\t\t\t\t\t\t\t\t\t\t\t<li><a class=\"elementor-price-list-item\" href=\"#\">\t\t\t\t\n\t\t\t\t<div class=\"elementor-price-list-text\">\n\t\t\t\t\t\t\t\t\t<div class=\"elementor-price-list-header\">\n\t\t\t\t\t\t\t\t\t\t\t<p class=\"elementor-price-list-title\">\n\t\t\t\t\t\t\tLa STARLET\t\t\t\t\t\t<\/p>\n\t\t\t\t\t\t\t\t\t\t\t\t\t\t\t\t\t\t<span class=\"elementor-price-list-separator\"><\/span>\n\t\t\t\t\t\t\t\t\t\t\t\t\t\t\t\t\t\t\t<span class=\"elementor-price-list-price\">155$<\/span>\n\t\t\t\t\t\t\t\t\t\t<\/div>\n\t\t\t\t\t\t\t\t\t\t\t\t\t\t\t<p class=\"elementor-price-list-description\">\n\t\t\t\t\t\t\tLes extensions de cils classiques sont un style de cils simple, beau et naturel. Elles sont appliqu\u00e9es selon un ratio 1:1, ce qui signifie qu'une extension est attach\u00e9e \u00e0 un cil naturel. Les extensions de cils classiques ne sont qu'une am\u00e9lioration de vos cils naturels : c'est comme si vous portiez un tr\u00e8s bon mascara qui ne s'\u00e9tale pas, ne s'\u00e9tale pas et ne s'enl\u00e8ve pas lorsque vous vous lavez le visage.\n\t\t\t\t\t\t<\/p>\n\t\t\t\t\t\t\t\t<\/div>\n\t\t\t\t<\/a><\/li>\t\t\t\t\t\t\t\t\t\t\t\t<li><a class=\"elementor-price-list-item\" href=\"#\">\t\t\t\t\n\t\t\t\t<div class=\"elementor-price-list-text\">\n\t\t\t\t\t\t\t\t\t<div class=\"elementor-price-list-header\">\n\t\t\t\t\t\t\t\t\t\t\t<p class=\"elementor-price-list-title\">\n\t\t\t\t\t\t\tEnl\u00e8vement des cils\t\t\t\t\t\t<\/p>\n\t\t\t\t\t\t\t\t\t\t\t\t\t\t\t\t\t\t<span class=\"elementor-price-list-separator\"><\/span>\n\t\t\t\t\t\t\t\t\t\t\t\t\t\t\t\t\t\t\t<span class=\"elementor-price-list-price\">60$<\/span>\n\t\t\t\t\t\t\t\t\t\t<\/div>\n\t\t\t\t\t\t\t\t\t\t\t\t\t\t\t<p class=\"elementor-price-list-description\">\n\t\t\t\t\t\t\tLe retrait des cils est un processus indolore de 30 minutes au cours duquel un dissolvant formul\u00e9 pour le gel d'extension de cils est utilis\u00e9 pour briser le lien et retirer d\u00e9licatement les extensions de cils sans endommager vos cils naturels. Ne retirez jamais vous-m\u00eame les extensions de cils.\t\t\t\t\t\t<\/p>\n\t\t\t\t\t\t\t\t<\/div>\n\t\t\t\t<\/a><\/li>\t\t\t\t\t\t\t\t\t\t\t\t<li><a class=\"elementor-price-list-item\" href=\"#\">\t\t\t\t\n\t\t\t\t<div class=\"elementor-price-list-text\">\n\t\t\t\t\t\t\t\t\t<div class=\"elementor-price-list-header\">\n\t\t\t\t\t\t\t\t\t\t\t<p class=\"elementor-price-list-title\">\n\t\t\t\t\t\t\tPerm Lash Lift\t\t\t\t\t\t<\/p>\n\t\t\t\t\t\t\t\t\t\t\t\t\t\t\t\t\t\t<span class=\"elementor-price-list-separator\"><\/span>\n\t\t\t\t\t\t\t\t\t\t\t\t\t\t\t\t\t\t\t<span class=\"elementor-price-list-price\">125$<\/span>\n\t\t\t\t\t\t\t\t\t\t<\/div>\n\t\t\t\t\t\t\t\t\t\t\t\t\t\t\t<p class=\"elementor-price-list-description\">\n\t\t\t\t\t\t\tLe lifting des cils est une intervention esth\u00e9tique qui consiste \u00e0 recourber les cils naturels vers le haut et \u00e0 les soulever \u00e0 partir de la racine pour donner l'impression de cils plus longs et plus d\u00e9finis. Il s'agit d'un traitement semi-permanent qui peut durer jusqu'\u00e0 deux mois.\t\t\t\t\t\t<\/p>\n\t\t\t\t\t\t\t\t<\/div>\n\t\t\t\t<\/a><\/li>\t\t\t\t\t\n\t\t<\/ul>\n\n\t\t\t\t<\/div>\n\t\t\t\t<\/div>\n\t\t\t\t<\/div>\n\t\t<div class=\"elementor-element elementor-element-366ec337 e-con-full e-flex e-con e-child\" data-id=\"366ec337\" data-element_type=\"container\">\n\t\t\t\t<div class=\"elementor-element elementor-element-65173ae7 elementor-widget__width-initial elementor-widget-mobile__width-inherit elementor-widget elementor-widget-price-list\" data-id=\"65173ae7\" data-element_type=\"widget\" data-widget_type=\"price-list.default\">\n\t\t\t\t<div class=\"elementor-widget-container\">\n\t\t\t\n\t\t<ul class=\"elementor-price-list\">\n\n\t\t\t\t\t\t\t\t\t<li><a class=\"elementor-price-list-item\" href=\"#\">\t\t\t\t\n\t\t\t\t<div class=\"elementor-price-list-text\">\n\t\t\t\t\t\t\t\t\t<div class=\"elementor-price-list-header\">\n\t\t\t\t\t\t\t\t\t\t\t<span class=\"elementor-price-list-title\">\n\t\t\t\t\t\t\tRecharge de volume | 90 minutes\t\t\t\t\t\t<\/span>\n\t\t\t\t\t\t\t\t\t\t\t\t\t\t\t\t\t\t<span class=\"elementor-price-list-separator\"><\/span>\n\t\t\t\t\t\t\t\t\t\t\t\t\t\t\t\t\t\t\t<span class=\"elementor-price-list-price\">120$<\/span>\n\t\t\t\t\t\t\t\t\t\t<\/div>\n\t\t\t\t\t\t\t\t\t\t\t\t\t\t\t<p class=\"elementor-price-list-description\">\n\t\t\t\t\t\t\tLes recharges servent \u00e0 combler les lacunes caus\u00e9es par la chute naturelle des cils entre deux poses compl\u00e8tes. Tant que vous respectez les directives de temps entre un kit complet et un rendez-vous de recharge, vos cils devraient avoir une densit\u00e9 de 70-100%+ par rapport \u00e0 un kit complet apr\u00e8s ce rendez-vous.\t\t\t\t\t\t<\/p>\n\t\t\t\t\t\t\t\t<\/div>\n\t\t\t\t<\/a><\/li>\t\t\t\t\t\t\t\t\t\t\t\t<li><a class=\"elementor-price-list-item\" href=\"#\">\t\t\t\t\n\t\t\t\t<div class=\"elementor-price-list-text\">\n\t\t\t\t\t\t\t\t\t<div class=\"elementor-price-list-header\">\n\t\t\t\t\t\t\t\t\t\t\t<span class=\"elementor-price-list-title\">\n\t\t\t\t\t\t\tRecharge de volume | 60 minutes\t\t\t\t\t\t<\/span>\n\t\t\t\t\t\t\t\t\t\t\t\t\t\t\t\t\t\t<span class=\"elementor-price-list-separator\"><\/span>\n\t\t\t\t\t\t\t\t\t\t\t\t\t\t\t\t\t\t\t<span class=\"elementor-price-list-price\">100$<\/span>\n\t\t\t\t\t\t\t\t\t\t<\/div>\n\t\t\t\t\t\t\t\t\t\t\t\t\t\t\t<p class=\"elementor-price-list-description\">\n\t\t\t\t\t\t\tComme la plupart d'entre nous perdent environ 20% de leurs cils naturels toutes les deux semaines, c'est LA raison pour laquelle nous recommandons d'effectuer une recharge de cils toutes les 2 \u00e0 4 semaines pour que votre ligne de cils reste pleine et fabuleuse.\t\t\t\t\t\t<\/p>\n\t\t\t\t\t\t\t\t<\/div>\n\t\t\t\t<\/a><\/li>\t\t\t\t\t\t\t\t\t\t\t\t<li><a class=\"elementor-price-list-item\" href=\"#\">\t\t\t\t\n\t\t\t\t<div class=\"elementor-price-list-text\">\n\t\t\t\t\t\t\t\t\t<div class=\"elementor-price-list-header\">\n\t\t\t\t\t\t\t\t\t\t\t<span class=\"elementor-price-list-title\">\n\t\t\t\t\t\t\tRecharge classique | 90 minutes\t\t\t\t\t\t<\/span>\n\t\t\t\t\t\t\t\t\t\t\t\t\t\t\t\t\t\t<span class=\"elementor-price-list-separator\"><\/span>\n\t\t\t\t\t\t\t\t\t\t\t\t\t\t\t\t\t\t\t<span class=\"elementor-price-list-price\">100$<\/span>\n\t\t\t\t\t\t\t\t\t\t<\/div>\n\t\t\t\t\t\t\t\t\t\t\t\t\t\t\t<p class=\"elementor-price-list-description\">\n\t\t\t\t\t\t\tLes recharges permettent de conserver l'aspect dense de votre ensemble de cils et d'\u00e9viter les dommages caus\u00e9s par des cils lourds et tombants.\nDes recharges de cils toutes les 2 \u00e0 4 semaines sont essentielles pour que vos cils soient toujours aussi beaux.\nComme les cheveux sur votre t\u00eate, vos cils tombent tous les jours ; beaucoup de gens ne le r\u00e9alisent pas ! Vous perdez environ 1 \u00e0 5 cils par jour, mais vous ne vous en apercevez que rarement, car ils sont si fins et si peu \u00e9pais. Lorsque vous perdez un cil naturel (qui porte une extension), un nouveau cil pousse \u00e0 sa place.\t\t\t\t\t\t<\/p>\n\t\t\t\t\t\t\t\t<\/div>\n\t\t\t\t<\/a><\/li>\t\t\t\t\t\t\t\t\t\t\t\t<li><a class=\"elementor-price-list-item\" href=\"#\">\t\t\t\t\n\t\t\t\t<div class=\"elementor-price-list-text\">\n\t\t\t\t\t\t\t\t\t<div class=\"elementor-price-list-header\">\n\t\t\t\t\t\t\t\t\t\t\t<span class=\"elementor-price-list-title\">\n\t\t\t\t\t\t\tRecharge classique | 60 minutes\t\t\t\t\t\t<\/span>\n\t\t\t\t\t\t\t\t\t\t\t\t\t\t\t\t\t\t<span class=\"elementor-price-list-separator\"><\/span>\n\t\t\t\t\t\t\t\t\t\t\t\t\t\t\t\t\t\t\t<span class=\"elementor-price-list-price\">85$<\/span>\n\t\t\t\t\t\t\t\t\t\t<\/div>\n\t\t\t\t\t\t\t\t\t\t\t\t\t\t\t<p class=\"elementor-price-list-description\">\n\t\t\t\t\t\t\tCes longueurs d'onde du spectre de la lumi\u00e8re visible p\u00e9n\u00e8trent la peau \u00e0 diff\u00e9rentes profondeurs pour exercer des effets biologiques. La lumi\u00e8re ROUGE stimule la production de collag\u00e8ne, r\u00e9duit l'inflammation et augmente le flux sanguin. Elle aide \u00e9galement \u00e0 soulager les affections cutan\u00e9es inflammatoires telles que la rosac\u00e9e et le psoriasis. Des \u00e9tudes ont montr\u00e9 qu'avec une utilisation continue, la lumi\u00e8re LED BLEUE peut aider \u00e0 tuer les bact\u00e9ries responsables de l'acn\u00e9 et \u00e0 r\u00e9duire la production de s\u00e9bum dans les glandes s\u00e9bac\u00e9es de la peau.\t\t\t\t\t\t<\/p>\n\t\t\t\t\t\t\t\t<\/div>\n\t\t\t\t<\/a><\/li>\t\t\t\t\t\n\t\t<\/ul>\n\n\t\t\t\t<\/div>\n\t\t\t\t<\/div>\n\t\t\t\t<\/div>\n\t\t\t\t<\/div>\n\t\t\t\t\t<\/div>\n\t\t\t\t<\/div>\n\t\t\t\t<\/div>","protected":false},"excerpt":{"rendered":"<p>Designer du Regard Volume lashes\u00a0offer a fuller and more dramatic appearance, therefore, creating a denser and more voluminous look.\u00a0Hybrid lashes provide a textured and multidimensional effect with a balance between single lashes and fan lashes. Classic lashes provide a more subtle and lightweight result The BOMBSHELL 195$ Typically speaking, for a fuller lash look, you [&hellip;]<\/p>","protected":false},"author":1,"featured_media":0,"parent":0,"menu_order":0,"comment_status":"closed","ping_status":"closed","template":"elementor_theme","meta":{"footnotes":""},"class_list":["post-447","page","type-page","status-publish","hentry"],"_links":{"self":[{"href":"https:\/\/apropeauspa.com\/fr\/wp-json\/wp\/v2\/pages\/447","targetHints":{"allow":["GET"]}}],"collection":[{"href":"https:\/\/apropeauspa.com\/fr\/wp-json\/wp\/v2\/pages"}],"about":[{"href":"https:\/\/apropeauspa.com\/fr\/wp-json\/wp\/v2\/types\/page"}],"author":[{"embeddable":true,"href":"https:\/\/apropeauspa.com\/fr\/wp-json\/wp\/v2\/users\/1"}],"replies":[{"embeddable":true,"href":"https:\/\/apropeauspa.com\/fr\/wp-json\/wp\/v2\/comments?post=447"}],"version-history":[{"count":13,"href":"https:\/\/apropeauspa.com\/fr\/wp-json\/wp\/v2\/pages\/447\/revisions"}],"predecessor-version":[{"id":612,"href":"https:\/\/apropeauspa.com\/fr\/wp-json\/wp\/v2\/pages\/447\/revisions\/612"}],"wp:attachment":[{"href":"https:\/\/apropeauspa.com\/fr\/wp-json\/wp\/v2\/media?parent=447"}],"curies":[{"name":"wp","href":"https:\/\/api.w.org\/{rel}","templated":true}]}}