{"id":420,"date":"2024-10-03T13:39:19","date_gmt":"2024-10-03T13:39:19","guid":{"rendered":"https:\/\/spa.creawebproduction.com\/?page_id=420"},"modified":"2024-10-13T03:24:19","modified_gmt":"2024-10-13T03:24:19","slug":"medi-pedi-gel-mani","status":"publish","type":"page","link":"https:\/\/apropeauspa.com\/fr\/medi-pedi-gel-mani\/","title":{"rendered":"MEDI PEDI &amp; GEL MANI"},"content":{"rendered":"<div data-elementor-type=\"wp-page\" data-elementor-id=\"420\" class=\"elementor elementor-420\" data-elementor-post-type=\"page\">\n\t\t\t\t<div class=\"elementor-element elementor-element-74ecd673 e-flex e-con-boxed e-con e-parent\" data-id=\"74ecd673\" data-element_type=\"container\">\n\t\t\t\t\t<div class=\"e-con-inner\">\n\t\t\t\t<div class=\"elementor-element elementor-element-75bbd38d elementor-widget elementor-widget-heading\" data-id=\"75bbd38d\" data-element_type=\"widget\" data-widget_type=\"heading.default\">\n\t\t\t\t<div class=\"elementor-widget-container\">\n\t\t\t<h1 class=\"elementor-heading-title elementor-size-default\">MEDI PEDI &amp; GEL MANI\n<\/h1>\t\t<\/div>\n\t\t\t\t<\/div>\n\t\t\t\t<div class=\"elementor-element elementor-element-e4c68ec elementor-widget elementor-widget-image\" data-id=\"e4c68ec\" data-element_type=\"widget\" data-widget_type=\"image.default\">\n\t\t\t\t<div class=\"elementor-widget-container\">\n\t\t\t\t\t\t\t\t\t\t\t\t\t<img fetchpriority=\"high\" decoding=\"async\" width=\"800\" height=\"532\" src=\"https:\/\/apropeauspa.com\/wp-content\/uploads\/2024\/09\/beautiful-manicure-and-pedicure--1024x681.jpg\" class=\"attachment-large size-large wp-image-166\" alt=\"Beautiful manicure and pedicure.\" srcset=\"https:\/\/apropeauspa.com\/wp-content\/uploads\/2024\/09\/beautiful-manicure-and-pedicure--1024x681.jpg 1024w, https:\/\/apropeauspa.com\/wp-content\/uploads\/2024\/09\/beautiful-manicure-and-pedicure--300x200.jpg 300w, https:\/\/apropeauspa.com\/wp-content\/uploads\/2024\/09\/beautiful-manicure-and-pedicure--768x511.jpg 768w, https:\/\/apropeauspa.com\/wp-content\/uploads\/2024\/09\/beautiful-manicure-and-pedicure--1536x1022.jpg 1536w, https:\/\/apropeauspa.com\/wp-content\/uploads\/2024\/09\/beautiful-manicure-and-pedicure-.jpg 2000w\" sizes=\"(max-width: 800px) 100vw, 800px\" \/>\t\t\t\t\t\t\t\t\t\t\t\t\t<\/div>\n\t\t\t\t<\/div>\n\t\t\t\t<div class=\"elementor-element elementor-element-54ae2f35 elementor-widget__width-initial elementor-widget-mobile__width-inherit elementor-widget elementor-widget-text-editor\" data-id=\"54ae2f35\" data-element_type=\"widget\" data-widget_type=\"text-editor.default\">\n\t\t\t\t<div class=\"elementor-widget-container\">\n\t\t\t\t\t\t\t<p>En utilisant uniquement des produits et des \u00e9quipements de qualit\u00e9 professionnelle, nous garantissons que ces traitements d\u00e9passeront vos attentes. Ces services sont garantis pour que vous vous sentiez \u00e0 votre meilleur ! Tr\u00e8s en demande, nous fournissons des re\u00e7us d'assurance pour votre MEDI PEDI par l'interm\u00e9diaire de l'Association ANQ.<\/p>\t\t\t\t\t\t<\/div>\n\t\t\t\t<\/div>\n\t\t<div class=\"elementor-element elementor-element-a2202a9 e-con-full e-flex e-con e-child\" data-id=\"a2202a9\" data-element_type=\"container\">\n\t\t<div class=\"elementor-element elementor-element-6642a82c e-con-full e-flex e-con e-child\" data-id=\"6642a82c\" data-element_type=\"container\">\n\t\t\t\t<div class=\"elementor-element elementor-element-a81048c elementor-widget__width-initial elementor-widget-mobile__width-inherit elementor-widget elementor-widget-price-list\" data-id=\"a81048c\" data-element_type=\"widget\" data-widget_type=\"price-list.default\">\n\t\t\t\t<div class=\"elementor-widget-container\">\n\t\t\t\n\t\t<ul class=\"elementor-price-list\">\n\n\t\t\t\t\t\t\t\t\t<li><a class=\"elementor-price-list-item\" href=\"#\">\t\t\t\t\n\t\t\t\t<div class=\"elementor-price-list-text\">\n\t\t\t\t\t\t\t\t\t<div class=\"elementor-price-list-header\">\n\t\t\t\t\t\t\t\t\t\t\t<p class=\"elementor-price-list-title\">\n\t\t\t\t\t\t\tMEDI Pampering Pedi | 90 minutes\t\t\t\t\t\t<\/p>\n\t\t\t\t\t\t\t\t\t\t\t\t\t\t\t\t\t\t<span class=\"elementor-price-list-separator\"><\/span>\n\t\t\t\t\t\t\t\t\t\t\t\t\t\t\t\t\t\t\t<span class=\"elementor-price-list-price\">100$<\/span>\n\t\t\t\t\t\t\t\t\t\t<\/div>\n\t\t\t\t\t\t\t\t\t\t\t\t\t\t\t<p class=\"elementor-price-list-description\">\n\t\t\t\t\t\t\tPour ceux qui souffrent de callosit\u00e9s, de cors, d'ongles incarn\u00e9s, etc., une p\u00e9dicure m\u00e9dicale est une excellente option pour remettre vos pieds en \u00e9tat. Mais m\u00eame si vous ne souffrez pas actuellement de l'une de ces affections, une p\u00e9dicure m\u00e9dicale peut aider \u00e0 pr\u00e9venir leur apparition.  Cette version comprend un massage des jambes et des pieds jusqu'au genou et l'application d'un vernis si vous le souhaitez. *Re\u00e7u ANQ\t\t\t\t\t\t<\/p>\n\t\t\t\t\t\t\t\t<\/div>\n\t\t\t\t<\/a><\/li>\t\t\t\t\t\t\t\t\t\t\t\t<li><a class=\"elementor-price-list-item\" href=\"#\">\t\t\t\t\n\t\t\t\t<div class=\"elementor-price-list-text\">\n\t\t\t\t\t\t\t\t\t<div class=\"elementor-price-list-header\">\n\t\t\t\t\t\t\t\t\t\t\t<p class=\"elementor-price-list-title\">\n\t\t\t\t\t\t\tMEDI Pedi | 60 minutes\t\t\t\t\t\t<\/p>\n\t\t\t\t\t\t\t\t\t\t\t\t\t\t\t\t\t\t<span class=\"elementor-price-list-separator\"><\/span>\n\t\t\t\t\t\t\t\t\t\t\t\t\t\t\t\t\t\t\t<span class=\"elementor-price-list-price\">85$<\/span>\n\t\t\t\t\t\t\t\t\t\t<\/div>\n\t\t\t\t\t\t\t\t\t\t\t\t\t\t\t<p class=\"elementor-price-list-description\">\n\t\t\t\t\t\t\tPour ceux qui souffrent de callosit\u00e9s, de cors, d'ongles incarn\u00e9s, etc., une p\u00e9dicure m\u00e9dicale est une excellente option pour remettre vos pieds en \u00e9tat. M\u00eame si vous ne souffrez pas actuellement de l'une de ces affections, une p\u00e9dicure m\u00e9dicale peut contribuer \u00e0 pr\u00e9venir leur apparition.  L'application de vernis est \u00e9galement possible si vous le souhaitez. *Re\u00e7u de l'ANQ\t\t\t\t\t\t<\/p>\n\t\t\t\t\t\t\t\t<\/div>\n\t\t\t\t<\/a><\/li>\t\t\t\t\t\t\t\t\t\t\t\t<li><a class=\"elementor-price-list-item\" href=\"#\">\t\t\t\t\n\t\t\t\t<div class=\"elementor-price-list-text\">\n\t\t\t\t\t\t\t\t\t<div class=\"elementor-price-list-header\">\n\t\t\t\t\t\t\t\t\t\t\t<p class=\"elementor-price-list-title\">\n\t\t\t\t\t\t\tMANI GelX | Tips &amp; Refill\t\t\t\t\t\t<\/p>\n\t\t\t\t\t\t\t\t\t\t\t\t\t\t\t\t\t\t<span class=\"elementor-price-list-separator\"><\/span>\n\t\t\t\t\t\t\t\t\t\t\t\t\t\t\t\t\t\t\t<span class=\"elementor-price-list-price\">95$<\/span>\n\t\t\t\t\t\t\t\t\t\t<\/div>\n\t\t\t\t\t\t\t\t\t\t\t\t\t\t\t<p class=\"elementor-price-list-description\">\n\t\t\t\t\t\t\tLes extensions d'ongles Apres Gel-X sont fabriqu\u00e9es \u00e0 partir du m\u00eame gel que celui du vernis.  Elles sont donc beaucoup plus fines, plus mall\u00e9ables et, surtout, plus naturelles que les extensions traditionnelles.\n\n\t\t\t\t\t\t<\/p>\n\t\t\t\t\t\t\t\t<\/div>\n\t\t\t\t<\/a><\/li>\t\t\t\t\t\n\t\t<\/ul>\n\n\t\t\t\t<\/div>\n\t\t\t\t<\/div>\n\t\t\t\t<\/div>\n\t\t<div class=\"elementor-element elementor-element-5ce808ea e-con-full e-flex e-con e-child\" data-id=\"5ce808ea\" data-element_type=\"container\">\n\t\t\t\t<div class=\"elementor-element elementor-element-2bd4c194 elementor-widget__width-initial elementor-widget-mobile__width-inherit elementor-widget elementor-widget-price-list\" data-id=\"2bd4c194\" data-element_type=\"widget\" data-widget_type=\"price-list.default\">\n\t\t\t\t<div class=\"elementor-widget-container\">\n\t\t\t\n\t\t<ul class=\"elementor-price-list\">\n\n\t\t\t\t\t\t\t\t\t<li><a class=\"elementor-price-list-item\" href=\"#\">\t\t\t\t\n\t\t\t\t<div class=\"elementor-price-list-text\">\n\t\t\t\t\t\t\t\t\t<div class=\"elementor-price-list-header\">\n\t\t\t\t\t\t\t\t\t\t\t<span class=\"elementor-price-list-title\">\n\t\t\t\t\t\t\tCND PlexiGel\t\t\t\t\t\t<\/span>\n\t\t\t\t\t\t\t\t\t\t\t\t\t\t\t\t\t\t<span class=\"elementor-price-list-separator\"><\/span>\n\t\t\t\t\t\t\t\t\t\t\t\t\t\t\t\t\t\t\t<span class=\"elementor-price-list-price\">70$<\/span>\n\t\t\t\t\t\t\t\t\t\t<\/div>\n\t\t\t\t\t\t\t\t\t\t\t\t\t\t\t<p class=\"elementor-price-list-description\">\n\t\t\t\t\t\t\tIl s'agit d'un syst\u00e8me de renforcement des ongles en gel \u00e0 l'aide d'un pinceau dans un flacon qui offre jusqu'\u00e0 3 semaines de force, de longueur et de forme. Il est \u00e9galement utilis\u00e9 pour r\u00e9parer un ongle cass\u00e9 ou m\u00eame pour combler des ongles fissur\u00e9s et d\u00e9doubl\u00e9s.\t\t\t\t\t\t<\/p>\n\t\t\t\t\t\t\t\t<\/div>\n\t\t\t\t<\/a><\/li>\t\t\t\t\t\t\t\t\t\t\t\t<li><a class=\"elementor-price-list-item\" href=\"#\">\t\t\t\t\n\t\t\t\t<div class=\"elementor-price-list-text\">\n\t\t\t\t\t\t\t\t\t<div class=\"elementor-price-list-header\">\n\t\t\t\t\t\t\t\t\t\t\t<span class=\"elementor-price-list-title\">\n\t\t\t\t\t\t\tMANI Shellac | Vernis gel 2 semaines\t\t\t\t\t\t<\/span>\n\t\t\t\t\t\t\t\t\t\t\t\t\t\t\t\t\t\t<span class=\"elementor-price-list-separator\"><\/span>\n\t\t\t\t\t\t\t\t\t\t\t\t\t\t\t\t\t\t\t<span class=\"elementor-price-list-price\">60$<\/span>\n\t\t\t\t\t\t\t\t\t\t<\/div>\n\t\t\t\t\t\t\t\t\t\t\t\t\t\t\t<p class=\"elementor-price-list-description\">\n\t\t\t\t\t\t\tLes vernis en gel sont compos\u00e9s d'un m\u00e9lange de monom\u00e8res et d'oligom\u00e8res acryliques qui durcissent sous une lampe LED pour cr\u00e9er une couche dure, brillante et instantan\u00e9ment s\u00e8che. Il est recommand\u00e9 de faire enlever cette couche de gel color\u00e9 par votre proth\u00e9siste ongulaire, afin d'\u00e9viter d'endommager le lit naturel de l'ongle.\t\t\t\t\t\t<\/p>\n\t\t\t\t\t\t\t\t<\/div>\n\t\t\t\t<\/a><\/li>\t\t\t\t\t\t\t\t\t\t\t\t<li><a class=\"elementor-price-list-item\" href=\"#\">\t\t\t\t\n\t\t\t\t<div class=\"elementor-price-list-text\">\n\t\t\t\t\t\t\t\t\t<div class=\"elementor-price-list-header\">\n\t\t\t\t\t\t\t\t\t\t\t<span class=\"elementor-price-list-title\">\n\t\t\t\t\t\t\tMANI Vinylux | Vernis gel 1 semaine\t\t\t\t\t\t<\/span>\n\t\t\t\t\t\t\t\t\t\t\t\t\t\t\t\t\t\t<span class=\"elementor-price-list-separator\"><\/span>\n\t\t\t\t\t\t\t\t\t\t\t\t\t\t\t\t\t\t\t<span class=\"elementor-price-list-price\">50$<\/span>\n\t\t\t\t\t\t\t\t\t\t<\/div>\n\t\t\t\t\t\t\t\t\t\t\t\t\t\t\t<p class=\"elementor-price-list-description\">\n\t\t\t\t\t\t\tApr\u00e8s avoir appliqu\u00e9 deux couches de votre laque pr\u00e9f\u00e9r\u00e9e, appliquez le Vinylux Topcoat. Avec l'exposition \u00e0 la lumi\u00e8re naturelle (rayons UV), le Vinylux Topcoat devient plus durable, ce qui permet une manucure d'une semaine.\t\t\t\t\t\t<\/p>\n\t\t\t\t\t\t\t\t<\/div>\n\t\t\t\t<\/a><\/li>\t\t\t\t\t\n\t\t<\/ul>\n\n\t\t\t\t<\/div>\n\t\t\t\t<\/div>\n\t\t\t\t<\/div>\n\t\t\t\t<\/div>\n\t\t\t\t\t<\/div>\n\t\t\t\t<\/div>\n\t\t\t\t<\/div>","protected":false},"excerpt":{"rendered":"<p>MEDI PEDI &amp; GEL MANI En utilisant uniquement des produits et des \u00e9quipements de qualit\u00e9 professionnelle, nous garantissons que ces traitements d\u00e9passeront vos attentes. Ces services sont garantis pour que vous vous sentiez \u00e0 votre meilleur ! Tr\u00e8s en demande, nous fournissons des re\u00e7us d'assurance pour votre MEDI PEDI par l'entremise de l'Association ANQ. MEDI Pampering Pedi | 90 minutes 100$ Pour ceux qui sont aux prises avec des callosit\u00e9s, [...]<\/p>","protected":false},"author":1,"featured_media":0,"parent":0,"menu_order":0,"comment_status":"closed","ping_status":"closed","template":"elementor_theme","meta":{"footnotes":""},"class_list":["post-420","page","type-page","status-publish","hentry"],"_links":{"self":[{"href":"https:\/\/apropeauspa.com\/fr\/wp-json\/wp\/v2\/pages\/420","targetHints":{"allow":["GET"]}}],"collection":[{"href":"https:\/\/apropeauspa.com\/fr\/wp-json\/wp\/v2\/pages"}],"about":[{"href":"https:\/\/apropeauspa.com\/fr\/wp-json\/wp\/v2\/types\/page"}],"author":[{"embeddable":true,"href":"https:\/\/apropeauspa.com\/fr\/wp-json\/wp\/v2\/users\/1"}],"replies":[{"embeddable":true,"href":"https:\/\/apropeauspa.com\/fr\/wp-json\/wp\/v2\/comments?post=420"}],"version-history":[{"count":25,"href":"https:\/\/apropeauspa.com\/fr\/wp-json\/wp\/v2\/pages\/420\/revisions"}],"predecessor-version":[{"id":618,"href":"https:\/\/apropeauspa.com\/fr\/wp-json\/wp\/v2\/pages\/420\/revisions\/618"}],"wp:attachment":[{"href":"https:\/\/apropeauspa.com\/fr\/wp-json\/wp\/v2\/media?parent=420"}],"curies":[{"name":"wp","href":"https:\/\/api.w.org\/{rel}","templated":true}]}}