{"id":393,"date":"2024-10-03T13:23:01","date_gmt":"2024-10-03T13:23:01","guid":{"rendered":"https:\/\/spa.creawebproduction.com\/?page_id=393"},"modified":"2024-10-13T03:19:41","modified_gmt":"2024-10-13T03:19:41","slug":"body-comfort-zone","status":"publish","type":"page","link":"https:\/\/apropeauspa.com\/fr\/body-comfort-zone\/","title":{"rendered":"ZONE DE CONFORT CORPOREL"},"content":{"rendered":"<div data-elementor-type=\"wp-page\" data-elementor-id=\"393\" class=\"elementor elementor-393\" data-elementor-post-type=\"page\">\n\t\t\t\t<div class=\"elementor-element elementor-element-29bb313a e-flex e-con-boxed e-con e-parent\" data-id=\"29bb313a\" data-element_type=\"container\">\n\t\t\t\t\t<div class=\"e-con-inner\">\n\t\t\t\t<div class=\"elementor-element elementor-element-78233f6d elementor-widget elementor-widget-heading\" data-id=\"78233f6d\" data-element_type=\"widget\" data-widget_type=\"heading.default\">\n\t\t\t\t<div class=\"elementor-widget-container\">\n\t\t\t<h1 class=\"elementor-heading-title elementor-size-default\">Visage &amp; Corps<\/h1>\t\t<\/div>\n\t\t\t\t<\/div>\n\t\t\t\t<div class=\"elementor-element elementor-element-80bb8dd elementor-widget elementor-widget-image\" data-id=\"80bb8dd\" data-element_type=\"widget\" data-widget_type=\"image.default\">\n\t\t\t\t<div class=\"elementor-widget-container\">\n\t\t\t\t\t\t\t\t\t\t\t\t\t<img fetchpriority=\"high\" decoding=\"async\" width=\"800\" height=\"533\" src=\"https:\/\/apropeauspa.com\/wp-content\/uploads\/2024\/09\/massage-1024x682.jpg\" class=\"attachment-large size-large wp-image-160\" alt=\"Massage\" srcset=\"https:\/\/apropeauspa.com\/wp-content\/uploads\/2024\/09\/massage-1024x682.jpg 1024w, https:\/\/apropeauspa.com\/wp-content\/uploads\/2024\/09\/massage-300x200.jpg 300w, https:\/\/apropeauspa.com\/wp-content\/uploads\/2024\/09\/massage-768x512.jpg 768w, https:\/\/apropeauspa.com\/wp-content\/uploads\/2024\/09\/massage-1536x1024.jpg 1536w, https:\/\/apropeauspa.com\/wp-content\/uploads\/2024\/09\/massage.jpg 2000w\" sizes=\"(max-width: 800px) 100vw, 800px\" \/>\t\t\t\t\t\t\t\t\t\t\t\t\t<\/div>\n\t\t\t\t<\/div>\n\t\t\t\t<div class=\"elementor-element elementor-element-351bab68 elementor-widget__width-initial elementor-widget-mobile__width-inherit elementor-widget elementor-widget-text-editor\" data-id=\"351bab68\" data-element_type=\"widget\" data-widget_type=\"text-editor.default\">\n\t\t\t\t<div class=\"elementor-widget-container\">\n\t\t\t\t\t\t\t<p>Pour maintenir le corps en bonne sant\u00e9 et ralentir le processus de vieillissement, il est important de prendre de bonnes habitudes. Il est essentiel d'alterner activit\u00e9 et repos, fr\u00e9n\u00e9sie et tranquillit\u00e9, de mani\u00e8re \u00e9quilibr\u00e9e. Ce n'est qu'ainsi que le corps et l'esprit peuvent fonctionner au mieux.<\/p>\t\t\t\t\t\t<\/div>\n\t\t\t\t<\/div>\n\t\t<div class=\"elementor-element elementor-element-173f297d e-con-full e-flex e-con e-child\" data-id=\"173f297d\" data-element_type=\"container\">\n\t\t<div class=\"elementor-element elementor-element-475ffef9 e-con-full e-flex e-con e-child\" data-id=\"475ffef9\" data-element_type=\"container\">\n\t\t\t\t<div class=\"elementor-element elementor-element-550c9fad elementor-widget__width-initial elementor-widget-mobile__width-inherit elementor-widget elementor-widget-price-list\" data-id=\"550c9fad\" data-element_type=\"widget\" data-widget_type=\"price-list.default\">\n\t\t\t\t<div class=\"elementor-widget-container\">\n\t\t\t\n\t\t<ul class=\"elementor-price-list\">\n\n\t\t\t\t\t\t\t\t\t<li><a class=\"elementor-price-list-item\" href=\"#\">\t\t\t\t\n\t\t\t\t<div class=\"elementor-price-list-text\">\n\t\t\t\t\t\t\t\t\t<div class=\"elementor-price-list-header\">\n\t\t\t\t\t\t\t\t\t\t\t<p class=\"elementor-price-list-title\">\n\t\t\t\t\t\t\tHydraGlow|NuFace MicroCurrant\t\t\t\t\t\t<\/p>\n\t\t\t\t\t\t\t\t\t\t\t\t\t\t\t\t\t\t<span class=\"elementor-price-list-separator\"><\/span>\n\t\t\t\t\t\t\t\t\t\t\t\t\t\t\t\t\t\t\t<span class=\"elementor-price-list-price\">180$<\/span>\n\t\t\t\t\t\t\t\t\t\t<\/div>\n\t\t\t\t\t\t\t\t\t\t\t\t\t\t\t<p class=\"elementor-price-list-description\">\n\t\t\t\t\t\t\tUn traitement hydratant et anti-\u00e2ge de luxe pour le visage et le cou. Une combinaison innovante entre la puissance du micro-courant \"NuFace\" et les ingr\u00e9dients bioactifs naturels de [Comfort Zone]. Des r\u00e9sultats imm\u00e9diats et visibles pour un ovale de visage parfait, des rides et ridules r\u00e9duites et un teint lumineux. Action liftante et repulpante. Recommand\u00e9 pour les peaux matures qui manquent de fermet\u00e9.\t\t\t\t\t\t<\/p>\n\t\t\t\t\t\t\t\t<\/div>\n\t\t\t\t<\/a><\/li>\t\t\t\t\t\t\t\t\t\t\t\t<li><a class=\"elementor-price-list-item\" href=\"#\">\t\t\t\t\n\t\t\t\t<div class=\"elementor-price-list-text\">\n\t\t\t\t\t\t\t\t\t<div class=\"elementor-price-list-header\">\n\t\t\t\t\t\t\t\t\t\t\t<p class=\"elementor-price-list-title\">\n\t\t\t\t\t\t\tSublime Skin|Eye Glow Lift AHA\t\t\t\t\t\t<\/p>\n\t\t\t\t\t\t\t\t\t\t\t\t\t\t\t\t\t\t<span class=\"elementor-price-list-separator\"><\/span>\n\t\t\t\t\t\t\t\t\t\t\t\t\t\t\t\t\t\t\t<span class=\"elementor-price-list-price\">180$<\/span>\n\t\t\t\t\t\t\t\t\t\t<\/div>\n\t\t\t\t\t\t\t\t\t\t\t\t\t\t\t<p class=\"elementor-price-list-description\">\n\t\t\t\t\t\t\tSoin du visage qui lutte contre l'amincissement de la peau, le teint terne et stimule l'\u00e9lasticit\u00e9 et la densit\u00e9. Gr\u00e2ce \u00e0 la technologie \"Arch-Lift\" et \u00e0 la possibilit\u00e9 de traiter les affections li\u00e9es \u00e0 la m\u00e9nopause, ce traitement est la solution ultime \u00e0 tous les probl\u00e8mes li\u00e9s au vieillissement de la peau.  Assure une r\u00e9g\u00e9n\u00e9ration profonde de la peau et une vitalit\u00e9 retrouv\u00e9e. Comprend le massage \"technique Kobido\" et le sublime masque pour les yeux.\t\t\t\t\t\t<\/p>\n\t\t\t\t\t\t\t\t<\/div>\n\t\t\t\t<\/a><\/li>\t\t\t\t\t\t\t\t\t\t\t\t<li><a class=\"elementor-price-list-item\" href=\"#\">\t\t\t\t\n\t\t\t\t<div class=\"elementor-price-list-text\">\n\t\t\t\t\t\t\t\t\t<div class=\"elementor-price-list-header\">\n\t\t\t\t\t\t\t\t\t\t\t<p class=\"elementor-price-list-title\">\n\t\t\t\t\t\t\tSublime Skin Pro Lift\t\t\t\t\t\t<\/p>\n\t\t\t\t\t\t\t\t\t\t\t\t\t\t\t\t\t\t<span class=\"elementor-price-list-separator\"><\/span>\n\t\t\t\t\t\t\t\t\t\t\t\t\t\t\t\t\t\t\t<span class=\"elementor-price-list-price\">150$<\/span>\n\t\t\t\t\t\t\t\t\t\t<\/div>\n\t\t\t\t\t\t\t\t\t\t\t\t\t\t\t<p class=\"elementor-price-list-description\">\n\t\t\t\t\t\t\tSoin anti-\u00e2ge, redensifiant et liftant du visage et du cou.  Associ\u00e9 aux mouvements sp\u00e9cifiques de la technique Kobido, il repulpe et red\u00e9finit l'ovale du visage. Son action sp\u00e9cifique et son efficacit\u00e9 sont obtenues gr\u00e2ce \u00e0 un masque film\u00e9 biphas\u00e9 innovant.\n\n\t\t\t\t\t\t<\/p>\n\t\t\t\t\t\t\t\t<\/div>\n\t\t\t\t<\/a><\/li>\t\t\t\t\t\t\t\t\t\t\t\t<li><a class=\"elementor-price-list-item\" href=\"#\">\t\t\t\t\n\t\t\t\t<div class=\"elementor-price-list-text\">\n\t\t\t\t\t\t\t\t\t<div class=\"elementor-price-list-header\">\n\t\t\t\t\t\t\t\t\t\t\t<p class=\"elementor-price-list-title\">\n\t\t\t\t\t\t\tPuret\u00e9 active\t\t\t\t\t\t<\/p>\n\t\t\t\t\t\t\t\t\t\t\t\t\t\t\t\t\t\t<span class=\"elementor-price-list-separator\"><\/span>\n\t\t\t\t\t\t\t\t\t\t\t\t\t\t\t\t\t\t\t<span class=\"elementor-price-list-price\">125$<\/span>\n\t\t\t\t\t\t\t\t\t\t<\/div>\n\t\t\t\t\t\t\t\t\t\t\t\t\t\t\t<p class=\"elementor-price-list-description\">\n\t\t\t\t\t\t\tUn traitement de nettoyage en profondeur qui donne imm\u00e9diatement une apparence lumineuse, lisse et uniforme.  Comprend un masque matifiant \"peel-off\" \u00e0 la spiruline. Intense et doux \u00e0 la fois, il purifie et \u00e9quilibre la peau, la laissant fra\u00eeche et tonique.\t\t\t\t\t\t<\/p>\n\t\t\t\t\t\t\t\t<\/div>\n\t\t\t\t<\/a><\/li>\t\t\t\t\t\t\t\t\t\t\t\t<li><a class=\"elementor-price-list-item\" href=\"#\">\t\t\t\t\n\t\t\t\t<div class=\"elementor-price-list-text\">\n\t\t\t\t\t\t\t\t\t<div class=\"elementor-price-list-header\">\n\t\t\t\t\t\t\t\t\t\t\t<p class=\"elementor-price-list-title\">\n\t\t\t\t\t\t\tRem\u00e8de intense\t\t\t\t\t\t<\/p>\n\t\t\t\t\t\t\t\t\t\t\t\t\t\t\t\t\t\t<span class=\"elementor-price-list-separator\"><\/span>\n\t\t\t\t\t\t\t\t\t\t\t\t\t\t\t\t\t\t\t<span class=\"elementor-price-list-price\">125$<\/span>\n\t\t\t\t\t\t\t\t\t\t<\/div>\n\t\t\t\t\t\t\t\t\t\t\t\t\t\t\t<p class=\"elementor-price-list-description\">\n\t\t\t\t\t\t\tCe soin renouvelle, renforce et apaise.  Il est sans parfum et recommand\u00e9 pour les peaux sensibles, fragiles et sujettes aux rougeurs. Restaure la barri\u00e8re protectrice de la peau gr\u00e2ce \u00e0 une action d\u00e9licate d'affinit\u00e9 dermique. Id\u00e9al apr\u00e8s une exposition au soleil.\t\t\t\t\t\t<\/p>\n\t\t\t\t\t\t\t\t<\/div>\n\t\t\t\t<\/a><\/li>\t\t\t\t\t\n\t\t<\/ul>\n\n\t\t\t\t<\/div>\n\t\t\t\t<\/div>\n\t\t\t\t<\/div>\n\t\t<div class=\"elementor-element elementor-element-444acbb5 e-con-full e-flex e-con e-child\" data-id=\"444acbb5\" data-element_type=\"container\">\n\t\t\t\t<div class=\"elementor-element elementor-element-54209da4 elementor-widget__width-initial elementor-widget-mobile__width-inherit elementor-widget elementor-widget-price-list\" data-id=\"54209da4\" data-element_type=\"widget\" data-widget_type=\"price-list.default\">\n\t\t\t\t<div class=\"elementor-widget-container\">\n\t\t\t\n\t\t<ul class=\"elementor-price-list\">\n\n\t\t\t\t\t\t\t\t\t<li><a class=\"elementor-price-list-item\" href=\"#\">\t\t\t\t\n\t\t\t\t<div class=\"elementor-price-list-text\">\n\t\t\t\t\t\t\t\t\t<div class=\"elementor-price-list-header\">\n\t\t\t\t\t\t\t\t\t\t\t<span class=\"elementor-price-list-title\">\n\t\t\t\t\t\t\tSublime Skin Super Peeling\t\t\t\t\t\t<\/span>\n\t\t\t\t\t\t\t\t\t\t\t\t\t\t\t\t\t\t<span class=\"elementor-price-list-separator\"><\/span>\n\t\t\t\t\t\t\t\t\t\t\t\t\t\t\t\t\t\t\t<span class=\"elementor-price-list-price\">125$<\/span>\n\t\t\t\t\t\t\t\t\t\t<\/div>\n\t\t\t\t\t\t\t\t\t\t\t\t\t\t\t<p class=\"elementor-price-list-description\">\n\t\t\t\t\t\t\tUn peeling, un gommage multi-actif pour tous les types de peaux, des plus d\u00e9licates aux plus r\u00e9sistantes. Parfait pour une exfoliation en profondeur et un renouvellement des cellules de la peau. L'efficacit\u00e9 maximale est assur\u00e9e par la m\u00e9thode du double peeling, qui comprend un m\u00e9lange intensif d'acides alpha et poly-hydroxy. Lisse et illumine imm\u00e9diatement la peau, pour une apparence plus jeune et plus saine.\t\t\t\t\t\t<\/p>\n\t\t\t\t\t\t\t\t<\/div>\n\t\t\t\t<\/a><\/li>\t\t\t\t\t\t\t\t\t\t\t\t<li><a class=\"elementor-price-list-item\" href=\"#\">\t\t\t\t\n\t\t\t\t<div class=\"elementor-price-list-text\">\n\t\t\t\t\t\t\t\t\t<div class=\"elementor-price-list-header\">\n\t\t\t\t\t\t\t\t\t\t\t<span class=\"elementor-price-list-title\">\n\t\t\t\t\t\t\tHydra Glow\t\t\t\t\t\t<\/span>\n\t\t\t\t\t\t\t\t\t\t\t\t\t\t\t\t\t\t<span class=\"elementor-price-list-separator\"><\/span>\n\t\t\t\t\t\t\t\t\t\t\t\t\t\t\t\t\t\t\t<span class=\"elementor-price-list-price\">150$<\/span>\n\t\t\t\t\t\t\t\t\t\t<\/div>\n\t\t\t\t\t\t\t\t\t\t\t\t\t\t\t<p class=\"elementor-price-list-description\">\n\t\t\t\t\t\t\tCe traitement, qui s'inspire de la cryoth\u00e9rapie, laissera votre peau fra\u00eeche et revitalis\u00e9e. Il renouvelle, hydrate en profondeur et augmente la capacit\u00e9 de la barri\u00e8re cutan\u00e9e \u00e0 maintenir une hydratation parfaite. Le traitement comprend une combinaison unique d'acide lactique, une puissante concentration d'acide hyaluronique et un extrait de figue de Barbarie (issu de l'agriculture biologique). L'utilisation de \"cuill\u00e8res \u00e0 glace\" avec deux techniques de massage \"Hydra-Drain\" et \"Hydra-Lift\" apportera un effet lumineux.\t\t\t\t\t\t<\/p>\n\t\t\t\t\t\t\t\t<\/div>\n\t\t\t\t<\/a><\/li>\t\t\t\t\t\t\t\t\t\t\t\t<li><a class=\"elementor-price-list-item\" href=\"#\">\t\t\t\t\n\t\t\t\t<div class=\"elementor-price-list-text\">\n\t\t\t\t\t\t\t\t\t<div class=\"elementor-price-list-header\">\n\t\t\t\t\t\t\t\t\t\t\t<span class=\"elementor-price-list-title\">\n\t\t\t\t\t\t\t3 \u00c9clatant Lumineux\t\t\t\t\t\t<\/span>\n\t\t\t\t\t\t\t\t\t\t\t\t\t\t\t\t\t\t<span class=\"elementor-price-list-separator\"><\/span>\n\t\t\t\t\t\t\t\t\t\t\t\t\t\t\t\t\t\t\t<span class=\"elementor-price-list-price\">150$<\/span>\n\t\t\t\t\t\t\t\t\t\t<\/div>\n\t\t\t\t\t\t\t\t\t\t\t\t\t\t\t<p class=\"elementor-price-list-description\">\n\t\t\t\t\t\t\tUn soin qui exerce une action intensive et trivalente dans la correction des taches brunes, de l'hyperpigmentation et du teint non uniforme de la peau. Voici l'approche \"3-Bright Technology\" inspir\u00e9e de la science dermatologique : correction, luminosit\u00e9 et pr\u00e9vention.\n\n\t\t\t\t\t\t<\/p>\n\t\t\t\t\t\t\t\t<\/div>\n\t\t\t\t<\/a><\/li>\t\t\t\t\t\t\t\t\t\t\t\t<li><a class=\"elementor-price-list-item\" href=\"#\">\t\t\t\t\n\t\t\t\t<div class=\"elementor-price-list-text\">\n\t\t\t\t\t\t\t\t\t<div class=\"elementor-price-list-header\">\n\t\t\t\t\t\t\t\t\t\t\t<span class=\"elementor-price-list-title\">\n\t\t\t\t\t\t\tPuret\u00e9 active AHA\t\t\t\t\t\t<\/span>\n\t\t\t\t\t\t\t\t\t\t\t\t\t\t\t\t\t\t<span class=\"elementor-price-list-separator\"><\/span>\n\t\t\t\t\t\t\t\t\t\t\t\t\t\t\t\t\t\t\t<span class=\"elementor-price-list-price\">150$<\/span>\n\t\t\t\t\t\t\t\t\t\t<\/div>\n\t\t\t\t\t\t\t\t\t\t\t\t\t\t\t<p class=\"elementor-price-list-description\">\n\t\t\t\t\t\t\tUn traitement de nettoyage en profondeur qui donne imm\u00e9diatement une apparence lumineuse, lisse et uniforme.  Comprend un masque matifiant \"peel-off\" \u00e0 la spiruline. Intense et doux \u00e0 la fois, il purifie et \u00e9quilibre la peau, la laissant fra\u00eeche et tonique. Ce traitement comprend \u00e9galement l'\u00e9tape du peeling AHA.\t\t\t\t\t\t<\/p>\n\t\t\t\t\t\t\t\t<\/div>\n\t\t\t\t<\/a><\/li>\t\t\t\t\t\t\t\t\t\t\t\t<li><a class=\"elementor-price-list-item\" href=\"#\">\t\t\t\t\n\t\t\t\t<div class=\"elementor-price-list-text\">\n\t\t\t\t\t\t\t\t\t<div class=\"elementor-price-list-header\">\n\t\t\t\t\t\t\t\t\t\t\t<span class=\"elementor-price-list-title\">\n\t\t\t\t\t\t\tTraitement du sommeil Tranquillity Pro\t\t\t\t\t\t<\/span>\n\t\t\t\t\t\t\t\t\t\t\t\t\t\t\t\t\t\t<span class=\"elementor-price-list-separator\"><\/span>\n\t\t\t\t\t\t\t\t\t\t\t\t\t\t\t\t\t\t\t<span class=\"elementor-price-list-price\">125$<\/span>\n\t\t\t\t\t\t\t\t\t\t<\/div>\n\t\t\t\t\t\t\t\t\t\t\t\t\t\t\t<p class=\"elementor-price-list-description\">\n\t\t\t\t\t\t\tGr\u00e2ce \u00e0 la stimulation b\u00e9n\u00e9fique de trois voies sensorielles (olfactive, auditive et tactile), ce traitement aide le corps \u00e0 se remettre de situations stressantes, des effets secondaires du d\u00e9calage horaire et am\u00e9liore la qualit\u00e9 du repos et du sommeil.  Pour renforcer ce traitement, des massages inspir\u00e9s de l'Ayurveda du Kerala et du Malais des mers indon\u00e9sien agissent sur le syst\u00e8me nerveux. Le son Tranquillity a \u00e9t\u00e9 cr\u00e9\u00e9 exclusivement pour ce traitement et se caract\u00e9rise par des tonalit\u00e9s et des rythmes apaisants et r\u00e9p\u00e9titifs. Il accompagne ainsi l'esprit d'une mani\u00e8re presque hypnotique, permettant aux inqui\u00e9tudes et aux tensions de se dissiper.  Avec le M\u00e9lange Tranquillit\u00e9, nous pouvons favoriser la paix int\u00e9rieure et la relaxation en stimulant le bulbe olfactif en contact direct avec le syst\u00e8me limbique qui est le si\u00e8ge du centre \u00e9motionnel du cerveau.\t\t\t\t\t\t<\/p>\n\t\t\t\t\t\t\t\t<\/div>\n\t\t\t\t<\/a><\/li>\t\t\t\t\t\n\t\t<\/ul>\n\n\t\t\t\t<\/div>\n\t\t\t\t<\/div>\n\t\t\t\t<\/div>\n\t\t\t\t<\/div>\n\t\t\t\t\t<\/div>\n\t\t\t\t<\/div>\n\t\t\t\t<\/div>","protected":false},"excerpt":{"rendered":"<p>ZONE DE CONFORT Pour maintenir le corps en bonne sant\u00e9 et ralentir le processus de vieillissement, il est important de prendre de bonnes habitudes. Il est essentiel d'alterner activit\u00e9 et repos, fr\u00e9n\u00e9sie et tranquillit\u00e9, de mani\u00e8re \u00e9quilibr\u00e9e. Ce n'est qu'ainsi que le corps et l'esprit peuvent fonctionner au mieux. HydraGlow|NuFace MicroCurrant 180$ Un hydratant de luxe [...]<\/p>","protected":false},"author":1,"featured_media":0,"parent":0,"menu_order":0,"comment_status":"closed","ping_status":"closed","template":"elementor_theme","meta":{"footnotes":""},"class_list":["post-393","page","type-page","status-publish","hentry"],"_links":{"self":[{"href":"https:\/\/apropeauspa.com\/fr\/wp-json\/wp\/v2\/pages\/393","targetHints":{"allow":["GET"]}}],"collection":[{"href":"https:\/\/apropeauspa.com\/fr\/wp-json\/wp\/v2\/pages"}],"about":[{"href":"https:\/\/apropeauspa.com\/fr\/wp-json\/wp\/v2\/types\/page"}],"author":[{"embeddable":true,"href":"https:\/\/apropeauspa.com\/fr\/wp-json\/wp\/v2\/users\/1"}],"replies":[{"embeddable":true,"href":"https:\/\/apropeauspa.com\/fr\/wp-json\/wp\/v2\/comments?post=393"}],"version-history":[{"count":25,"href":"https:\/\/apropeauspa.com\/fr\/wp-json\/wp\/v2\/pages\/393\/revisions"}],"predecessor-version":[{"id":609,"href":"https:\/\/apropeauspa.com\/fr\/wp-json\/wp\/v2\/pages\/393\/revisions\/609"}],"wp:attachment":[{"href":"https:\/\/apropeauspa.com\/fr\/wp-json\/wp\/v2\/media?parent=393"}],"curies":[{"name":"wp","href":"https:\/\/api.w.org\/{rel}","templated":true}]}}