{"id":375,"date":"2024-10-03T13:13:41","date_gmt":"2024-10-03T13:13:41","guid":{"rendered":"https:\/\/spa.creawebproduction.com\/?page_id=375"},"modified":"2024-10-13T03:25:55","modified_gmt":"2024-10-13T03:25:55","slug":"microchanneling-treatment","status":"publish","type":"page","link":"https:\/\/apropeauspa.com\/fr\/microchanneling-treatment\/","title":{"rendered":"Traitement par microcanaux"},"content":{"rendered":"<div data-elementor-type=\"wp-page\" data-elementor-id=\"375\" class=\"elementor elementor-375\" data-elementor-post-type=\"page\">\n\t\t\t\t<div class=\"elementor-element elementor-element-27513c7c e-flex e-con-boxed e-con e-parent\" data-id=\"27513c7c\" data-element_type=\"container\">\n\t\t\t\t\t<div class=\"e-con-inner\">\n\t\t\t\t<div class=\"elementor-element elementor-element-56e84aed elementor-widget elementor-widget-heading\" data-id=\"56e84aed\" data-element_type=\"widget\" data-widget_type=\"heading.default\">\n\t\t\t\t<div class=\"elementor-widget-container\">\n\t\t\t<h1 class=\"elementor-heading-title elementor-size-default\">Traitement par microcanaux\n<\/h1>\t\t<\/div>\n\t\t\t\t<\/div>\n\t\t\t\t<div class=\"elementor-element elementor-element-5490b923 elementor-widget elementor-widget-image\" data-id=\"5490b923\" data-element_type=\"widget\" data-widget_type=\"image.default\">\n\t\t\t\t<div class=\"elementor-widget-container\">\n\t\t\t\t\t\t\t\t\t\t\t\t\t<img fetchpriority=\"high\" decoding=\"async\" width=\"800\" height=\"533\" src=\"https:\/\/apropeauspa.com\/wp-content\/uploads\/2024\/09\/woman-on-a-facial-treatment-at-the-beauty-salon-1024x682.jpg\" class=\"attachment-large size-large wp-image-148\" alt=\"Woman On A Facial Treatment At The Beauty Salon\" srcset=\"https:\/\/apropeauspa.com\/wp-content\/uploads\/2024\/09\/woman-on-a-facial-treatment-at-the-beauty-salon-1024x682.jpg 1024w, https:\/\/apropeauspa.com\/wp-content\/uploads\/2024\/09\/woman-on-a-facial-treatment-at-the-beauty-salon-300x200.jpg 300w, https:\/\/apropeauspa.com\/wp-content\/uploads\/2024\/09\/woman-on-a-facial-treatment-at-the-beauty-salon-768x512.jpg 768w, https:\/\/apropeauspa.com\/wp-content\/uploads\/2024\/09\/woman-on-a-facial-treatment-at-the-beauty-salon-1536x1024.jpg 1536w, https:\/\/apropeauspa.com\/wp-content\/uploads\/2024\/09\/woman-on-a-facial-treatment-at-the-beauty-salon.jpg 2000w\" sizes=\"(max-width: 800px) 100vw, 800px\" \/>\t\t\t\t\t\t\t\t\t\t\t\t\t<\/div>\n\t\t\t\t<\/div>\n\t\t\t\t<div class=\"elementor-element elementor-element-7a45ad6b elementor-widget__width-initial elementor-widget-mobile__width-inherit elementor-widget elementor-widget-text-editor\" data-id=\"7a45ad6b\" data-element_type=\"widget\" data-widget_type=\"text-editor.default\">\n\t\t\t\t<div class=\"elementor-widget-container\">\n\t\t\t\t\t\t\t<p><span style=\"color: #414141; font-family: Poppins, sans-serif; font-size: 15px; text-align: start;\">Dans le cadre de l'une de nos proc\u00e9dures cosm\u00e9tiques les plus populaires, un s\u00e9rum prot\u00e9ique \u00e0 base de cellules souches est introduit dans la peau par des micro-canaux afin de fournir tous les nutriments n\u00e9cessaires aux cellules et d'acc\u00e9l\u00e9rer le processus de r\u00e9paration, g\u00e9n\u00e9rant ainsi rapidement de nouvelles cellules cutan\u00e9es.  Notre \u00e9quipe travaille en \u00e9troite collaboration avec chaque client pour comprendre exactement ce qu'il recherche et s'assurer qu'il obtienne exactement les r\u00e9sultats escompt\u00e9s<\/span><\/p>\t\t\t\t\t\t<\/div>\n\t\t\t\t<\/div>\n\t\t<div class=\"elementor-element elementor-element-665013db e-con-full e-flex e-con e-child\" data-id=\"665013db\" data-element_type=\"container\">\n\t\t<div class=\"elementor-element elementor-element-2e689ddb e-con-full e-flex e-con e-child\" data-id=\"2e689ddb\" data-element_type=\"container\">\n\t\t\t\t<div class=\"elementor-element elementor-element-61e93e97 elementor-widget__width-initial elementor-widget-mobile__width-inherit elementor-widget elementor-widget-price-list\" data-id=\"61e93e97\" data-element_type=\"widget\" data-widget_type=\"price-list.default\">\n\t\t\t\t<div class=\"elementor-widget-container\">\n\t\t\t\n\t\t<ul class=\"elementor-price-list\">\n\n\t\t\t\t\t\t\t\t\t<li><a class=\"elementor-price-list-item\" href=\"#\">\t\t\t\t\n\t\t\t\t<div class=\"elementor-price-list-text\">\n\t\t\t\t\t\t\t\t\t<div class=\"elementor-price-list-header\">\n\t\t\t\t\t\t\t\t\t\t\t<p class=\"elementor-price-list-title\">\n\t\t\t\t\t\t\tTraitement du visage par micro-canaux\t\t\t\t\t\t<\/p>\n\t\t\t\t\t\t\t\t\t\t\t\t\t\t\t\t\t\t<span class=\"elementor-price-list-separator\"><\/span>\n\t\t\t\t\t\t\t\t\t\t\t\t\t\t\t\t\t\t\t<span class=\"elementor-price-list-price\">375$<\/span>\n\t\t\t\t\t\t\t\t\t\t<\/div>\n\t\t\t\t\t\t\t\t\t\t\t\t\t\t\t<p class=\"elementor-price-list-description\">\n\t\t\t\t\t\t\tComment le traitement par microcanaux stimule-t-il l'activit\u00e9 cellulaire ? Un seul traitement cr\u00e9e des centaines de milliers de microcanaux. En r\u00e9ponse \u00e0 chaque micro-blessure, un processus de gu\u00e9rison inflammatoire se met en place et initie la formation de nouveau collag\u00e8ne. Au fil du temps, le processus de gu\u00e9rison r\u00e9p\u00e9t\u00e9 am\u00e9liore la texture de la surface et l'aspect g\u00e9n\u00e9ral de la peau.\t\t\t\t\t\t<\/p>\n\t\t\t\t\t\t\t\t<\/div>\n\t\t\t\t<\/a><\/li>\t\t\t\t\t\t\t\t\t\t\t\t<li><a class=\"elementor-price-list-item\" href=\"#\">\t\t\t\t\n\t\t\t\t<div class=\"elementor-price-list-text\">\n\t\t\t\t\t\t\t\t\t<div class=\"elementor-price-list-header\">\n\t\t\t\t\t\t\t\t\t\t\t<p class=\"elementor-price-list-title\">\n\t\t\t\t\t\t\tMicrocanaux Cou|D\u00e9collet\u00e9\t\t\t\t\t\t<\/p>\n\t\t\t\t\t\t\t\t\t\t\t\t\t\t\t\t\t\t<span class=\"elementor-price-list-separator\"><\/span>\n\t\t\t\t\t\t\t\t\t\t\t\t\t\t\t\t\t\t\t<span class=\"elementor-price-list-price\">275$<\/span>\n\t\t\t\t\t\t\t\t\t\t<\/div>\n\t\t\t\t\t\t\t\t\t\t\t\t\t\t\t<p class=\"elementor-price-list-description\">\n\t\t\t\t\t\t\tTout comme pour le visage, le traitement permet d'am\u00e9liorer la texture de la peau, de r\u00e9duire les rides et de resserrer la peau.\n\n\t\t\t\t\t\t<\/p>\n\t\t\t\t\t\t\t\t<\/div>\n\t\t\t\t<\/a><\/li>\t\t\t\t\t\t\t\t\t\t\t\t<li><a class=\"elementor-price-list-item\" href=\"#\">\t\t\t\t\n\t\t\t\t<div class=\"elementor-price-list-text\">\n\t\t\t\t\t\t\t\t\t<div class=\"elementor-price-list-header\">\n\t\t\t\t\t\t\t\t\t\t\t<p class=\"elementor-price-list-title\">\n\t\t\t\t\t\t\tMicrocanaux Visage et cou|D\u00e9collet\u00e9\t\t\t\t\t\t<\/p>\n\t\t\t\t\t\t\t\t\t\t\t\t\t\t\t\t\t\t<span class=\"elementor-price-list-separator\"><\/span>\n\t\t\t\t\t\t\t\t\t\t\t\t\t\t\t\t\t\t\t<span class=\"elementor-price-list-price\">550$<\/span>\n\t\t\t\t\t\t\t\t\t\t<\/div>\n\t\t\t\t\t\t\t\t\t\t\t\t\t\t\t<p class=\"elementor-price-list-description\">\n\t\t\t\t\t\t\tUn soin complet pour la jeunesse qui vous laissera une sensation de renouveau et de tonicit\u00e9.\n\n\t\t\t\t\t\t<\/p>\n\t\t\t\t\t\t\t\t<\/div>\n\t\t\t\t<\/a><\/li>\t\t\t\t\t\n\t\t<\/ul>\n\n\t\t\t\t<\/div>\n\t\t\t\t<\/div>\n\t\t\t\t<\/div>\n\t\t\t\t<\/div>\n\t\t\t\t\t<\/div>\n\t\t\t\t<\/div>\n\t\t\t\t<\/div>","protected":false},"excerpt":{"rendered":"<p>Traitement par micro-canaux L'une de nos proc\u00e9dures cosm\u00e9tiques les plus populaires, un s\u00e9rum de prot\u00e9ines de cellules souches est introduit dans la peau par des micro-canaux afin de fournir tous les nutriments n\u00e9cessaires aux cellules et d'acc\u00e9l\u00e9rer le processus de r\u00e9paration, g\u00e9n\u00e9rant ainsi rapidement de nouvelles cellules cutan\u00e9es.  Notre \u00e9quipe travaille en \u00e9troite collaboration avec chaque client pour comprendre exactement ce qu'il recherche [...]<\/p>","protected":false},"author":1,"featured_media":0,"parent":0,"menu_order":0,"comment_status":"closed","ping_status":"closed","template":"elementor_theme","meta":{"footnotes":""},"class_list":["post-375","page","type-page","status-publish","hentry"],"_links":{"self":[{"href":"https:\/\/apropeauspa.com\/fr\/wp-json\/wp\/v2\/pages\/375","targetHints":{"allow":["GET"]}}],"collection":[{"href":"https:\/\/apropeauspa.com\/fr\/wp-json\/wp\/v2\/pages"}],"about":[{"href":"https:\/\/apropeauspa.com\/fr\/wp-json\/wp\/v2\/types\/page"}],"author":[{"embeddable":true,"href":"https:\/\/apropeauspa.com\/fr\/wp-json\/wp\/v2\/users\/1"}],"replies":[{"embeddable":true,"href":"https:\/\/apropeauspa.com\/fr\/wp-json\/wp\/v2\/comments?post=375"}],"version-history":[{"count":16,"href":"https:\/\/apropeauspa.com\/fr\/wp-json\/wp\/v2\/pages\/375\/revisions"}],"predecessor-version":[{"id":621,"href":"https:\/\/apropeauspa.com\/fr\/wp-json\/wp\/v2\/pages\/375\/revisions\/621"}],"wp:attachment":[{"href":"https:\/\/apropeauspa.com\/fr\/wp-json\/wp\/v2\/media?parent=375"}],"curies":[{"name":"wp","href":"https:\/\/api.w.org\/{rel}","templated":true}]}}